{"id":13973,"date":"2025-03-31T16:20:21","date_gmt":"2025-03-31T20:20:21","guid":{"rendered":"https:\/\/elagueurs.com\/?page_id=13973"},"modified":"2026-04-17T22:36:34","modified_gmt":"2026-04-18T02:36:34","slug":"regulations","status":"publish","type":"page","link":"https:\/\/elagueurs.com\/en\/regulations\/","title":{"rendered":"Regulations"},"content":{"rendered":"<p>[et_pb_section fb_built=&#8221;1&#8243; specialty=&#8221;on&#8221; _builder_version=&#8221;4.16&#8243; custom_padding=&#8221;29px|||||&#8221; global_colors_info=&#8221;{}&#8221;][et_pb_column type=&#8221;1_3&#8243; _builder_version=&#8221;4.16&#8243; custom_padding=&#8221;|||&#8221; global_colors_info=&#8221;{}&#8221; custom_padding__hover=&#8221;|||&#8221;][et_pb_text module_class=&#8221;left-sidebar-tab&#8221; _builder_version=&#8221;4.27.4&#8243; global_module=&#8221;1342&#8243; saved_tabs=&#8221;all&#8221; global_colors_info=&#8221;{}&#8221;]<\/p>\n<ul>\n<li><a href=\"https:\/\/elagueurs.com\/en\/services\/tree-trimming\/\" title=\"tree trimming page\"><img decoding=\"async\" class=\"wp-image-656 alignnone size-full lazyload\" data-src=\"https:\/\/elagueurs.com\/wp-content\/uploads\/2020\/07\/sidebar-icon.png\" alt=\"\" width=\"65\" height=\"65\" no-resize-detection=\"\" src=\"data:image\/svg+xml;base64,PHN2ZyB3aWR0aD0iMSIgaGVpZ2h0PSIxIiB4bWxucz0iaHR0cDovL3d3dy53My5vcmcvMjAwMC9zdmciPjwvc3ZnPg==\" style=\"--smush-placeholder-width: 65px; --smush-placeholder-aspect-ratio: 65\/65;\" \/><\/a><\/li>\n<li><a href=\"https:\/\/elagueurs.com\/en\/services\/tree-trimming\/\" title=\"tree trimming page\">Tree trimming<\/a><\/li>\n<\/ul>\n<ul class=\"bg-white\">\n<li><a href=\"https:\/\/elagueurs.com\/en\/treeservices\/tree-removal\/\" title=\"tree removal page\"><img decoding=\"async\" class=\"wp-image-656 alignnone size-full lazyload\" data-src=\"https:\/\/elagueurs.com\/wp-content\/uploads\/2020\/07\/sidebar-icon.png\" alt=\"\" width=\"65\" height=\"65\" no-resize-detection=\"\" src=\"data:image\/svg+xml;base64,PHN2ZyB3aWR0aD0iMSIgaGVpZ2h0PSIxIiB4bWxucz0iaHR0cDovL3d3dy53My5vcmcvMjAwMC9zdmciPjwvc3ZnPg==\" style=\"--smush-placeholder-width: 65px; --smush-placeholder-aspect-ratio: 65\/65;\" \/><\/a><\/li>\n<li><a href=\"https:\/\/elagueurs.com\/en\/services\/tree-removal\/\" title=\"Tree removal page\">Tree removal<\/a><\/li>\n<\/ul>\n<ul class=\"bg-white\">\n<li><a href=\"https:\/\/elagueurs.com\/en\/services\/tree-pruning\/\" title=\"tree pruning page\"><img decoding=\"async\" class=\"wp-image-656 alignnone size-full lazyload\" data-src=\"https:\/\/elagueurs.com\/wp-content\/uploads\/2020\/07\/sidebar-icon.png\" alt=\"\" width=\"65\" height=\"65\" no-resize-detection=\"\" src=\"data:image\/svg+xml;base64,PHN2ZyB3aWR0aD0iMSIgaGVpZ2h0PSIxIiB4bWxucz0iaHR0cDovL3d3dy53My5vcmcvMjAwMC9zdmciPjwvc3ZnPg==\" style=\"--smush-placeholder-width: 65px; --smush-placeholder-aspect-ratio: 65\/65;\" \/><\/a><\/li>\n<li><a href=\"https:\/\/elagueurs.com\/en\/services\/tree-pruning\/\" title=\"Tree pruning page\">Tree pruning<\/a><\/li>\n<\/ul>\n<ul>\n<li><a href=\"https:\/\/elagueurs.com\/en\/services\/stump-grinding\/\" title=\"stump grinding page\"><img decoding=\"async\" class=\"wp-image-656 alignnone size-full lazyload\" data-src=\"https:\/\/elagueurs.com\/wp-content\/uploads\/2020\/07\/sidebar-icon.png\" alt=\"\" width=\"65\" height=\"65\" no-resize-detection=\"\" src=\"data:image\/svg+xml;base64,PHN2ZyB3aWR0aD0iMSIgaGVpZ2h0PSIxIiB4bWxucz0iaHR0cDovL3d3dy53My5vcmcvMjAwMC9zdmciPjwvc3ZnPg==\" style=\"--smush-placeholder-width: 65px; --smush-placeholder-aspect-ratio: 65\/65;\" \/><\/a><\/li>\n<li><a href=\"https:\/\/elagueurs.com\/en\/services\/stump-grinding\/\" title=\"Stumps grinding page\">Stumps grinding<\/a><\/li>\n<\/ul>\n<ul>\n<li><a href=\"https:\/\/elagueurs.com\/en\/services\/cabling-and-bolting\/\" title=\"abling and bolting page\"><img decoding=\"async\" class=\"wp-image-656 alignnone size-full lazyload\" data-src=\"https:\/\/elagueurs.com\/wp-content\/uploads\/2020\/07\/sidebar-icon.png\" alt=\"\" width=\"65\" height=\"65\" no-resize-detection=\"\" src=\"data:image\/svg+xml;base64,PHN2ZyB3aWR0aD0iMSIgaGVpZ2h0PSIxIiB4bWxucz0iaHR0cDovL3d3dy53My5vcmcvMjAwMC9zdmciPjwvc3ZnPg==\" style=\"--smush-placeholder-width: 65px; --smush-placeholder-aspect-ratio: 65\/65;\" \/><\/a><\/li>\n<li><a href=\"https:\/\/elagueurs.com\/en\/services\/cabling-and-bolting\/\" title=\"Cabling and bolting page\">Cabling and bolting<\/a><\/li>\n<\/ul>\n<ul class=\"bg-white\">\n<li><a href=\"https:\/\/elagueurs.com\/en\/services\/hedge-trimming\/\" title=\"hedge trimming page\"><img decoding=\"async\" class=\"wp-image-656 alignnone size-full lazyload\" data-src=\"https:\/\/elagueurs.com\/wp-content\/uploads\/2020\/07\/sidebar-icon.png\" alt=\"\" width=\"65\" height=\"65\" no-resize-detection=\"\" src=\"data:image\/svg+xml;base64,PHN2ZyB3aWR0aD0iMSIgaGVpZ2h0PSIxIiB4bWxucz0iaHR0cDovL3d3dy53My5vcmcvMjAwMC9zdmciPjwvc3ZnPg==\" style=\"--smush-placeholder-width: 65px; --smush-placeholder-aspect-ratio: 65\/65;\" \/><\/a><\/li>\n<li><a href=\"https:\/\/elagueurs.com\/en\/services\/hedge-trimming\/\" title=\"Hedge trimming page\">Hedge trimming<\/a><\/li>\n<\/ul>\n<ul class=\"bg-white\">\n<li><a href=\"https:\/\/elagueurs.com\/en\/services\/emerald-ash-borer\/\" title=\"emerald ash borer page\"><img decoding=\"async\" class=\"wp-image-656 alignnone size-full lazyload\" data-src=\"https:\/\/elagueurs.com\/wp-content\/uploads\/2020\/07\/sidebar-icon.png\" alt=\"\" width=\"65\" height=\"65\" no-resize-detection=\"\" src=\"data:image\/svg+xml;base64,PHN2ZyB3aWR0aD0iMSIgaGVpZ2h0PSIxIiB4bWxucz0iaHR0cDovL3d3dy53My5vcmcvMjAwMC9zdmciPjwvc3ZnPg==\" style=\"--smush-placeholder-width: 65px; --smush-placeholder-aspect-ratio: 65\/65;\" \/><\/a><\/li>\n<li><a href=\"https:\/\/elagueurs.com\/en\/services\/emerald-ash-borer\/\" title=\"Emerald Ash Borer page\">Emerald Ash Borer<\/a><\/li>\n<\/ul>\n<ul>\n<li><a href=\"https:\/\/elagueurs.com\/en\/services\/tree-consultation\/\" title=\"consultation page\"><img decoding=\"async\" class=\"wp-image-656 alignnone size-full lazyload\" data-src=\"https:\/\/elagueurs.com\/wp-content\/uploads\/2020\/07\/sidebar-icon.png\" alt=\"\" width=\"65\" height=\"65\" no-resize-detection=\"\" src=\"data:image\/svg+xml;base64,PHN2ZyB3aWR0aD0iMSIgaGVpZ2h0PSIxIiB4bWxucz0iaHR0cDovL3d3dy53My5vcmcvMjAwMC9zdmciPjwvc3ZnPg==\" style=\"--smush-placeholder-width: 65px; --smush-placeholder-aspect-ratio: 65\/65;\" \/><\/a><\/li>\n<li><a href=\"https:\/\/elagueurs.com\/en\/services\/tree-consultation\/\" title=\"Consultation page\">Consultation<\/a><\/li>\n<\/ul>\n<p>[\/et_pb_text][\/et_pb_column][et_pb_column type=&#8221;2_3&#8243; specialty_columns=&#8221;2&#8243; _builder_version=&#8221;4.16&#8243; custom_padding=&#8221;|||&#8221; global_colors_info=&#8221;{}&#8221; custom_padding__hover=&#8221;|||&#8221;][et_pb_row_inner _builder_version=&#8221;4.16&#8243; custom_padding=&#8221;||6px|||&#8221; animation_style=&#8221;slide&#8221; animation_direction=&#8221;bottom&#8221; animation_intensity_slide=&#8221;7%&#8221; global_colors_info=&#8221;{}&#8221;][et_pb_column_inner saved_specialty_column_type=&#8221;2_3&#8243; _builder_version=&#8221;4.16&#8243; global_colors_info=&#8221;{}&#8221;][et_pb_text _builder_version=&#8221;4.27.4&#8243; header_2_font_size=&#8221;36px&#8221; header_2_font_size_tablet=&#8221;28px&#8221; header_2_font_size_phone=&#8221;&#8221; header_2_font_size_last_edited=&#8221;on|tablet&#8221; global_colors_info=&#8221;{}&#8221;]<\/p>\n<h1>Regulations for Tree Removal Permits<\/h1>\n<p>[\/et_pb_text][et_pb_divider divider_weight=&#8221;5px&#8221; _builder_version=&#8221;4.16&#8243; max_width=&#8221;60px&#8221; custom_margin=&#8221;-12px||||false|false&#8221; locked=&#8221;off&#8221; global_colors_info=&#8221;{}&#8221;][\/et_pb_divider][\/et_pb_column_inner][\/et_pb_row_inner][et_pb_row_inner column_structure=&#8221;1_2,1_2&#8243; _builder_version=&#8221;4.27.4&#8243; _module_preset=&#8221;default&#8221; global_colors_info=&#8221;{}&#8221;][et_pb_column_inner type=&#8221;1_2&#8243; saved_specialty_column_type=&#8221;2_3&#8243; _builder_version=&#8221;4.27.4&#8243; _module_preset=&#8221;default&#8221; global_colors_info=&#8221;{}&#8221;][et_pb_text _builder_version=&#8221;4.27.4&#8243; _module_preset=&#8221;default&#8221; global_colors_info=&#8221;{}&#8221;]<\/p>\n<ul>\n<li><a href=\"https:\/\/elagueurs.com\/en\/ange-gardien\/\" title=\"tree removal Ange-Gardien\">Ange-Gardien<\/a><\/li>\n<li><a href=\"https:\/\/elagueurs.com\/en\/bedford\/\" title=\"tree removal Bedford\">Bedford<\/a><\/li>\n<li><a href=\"https:\/\/elagueurs.com\/en\/bolton-est\/\" title=\"tree removal Bolton Est\">Bolton Est<\/a><\/li>\n<li><a href=\"https:\/\/elagueurs.com\/en\/brigham\/\" title=\"tree removal Brigham\">Brigham<\/a><\/li>\n<li><a href=\"https:\/\/elagueurs.com\/en\/bromont\/\" title=\"tree removal Bromont\">Bromont<\/a><\/li>\n<li><a href=\"https:\/\/elagueurs.com\/en\/chambly\/\" title=\"tree removal Chambly\">Chambly<\/a><\/li>\n<li><a href=\"https:\/\/elagueurs.com\/en\/cowansville\/\" title=\"tree removal Cowansville\">Cowansville<\/a><\/li>\n<li><a href=\"https:\/\/elagueurs.com\/en\/dunham\/\" title=\"tree removal Dunham\">Dunham<\/a><\/li>\n<li><a href=\"https:\/\/elagueurs.com\/en\/eastman\/\" title=\"tree removal Eastman\">Eastman<\/a><\/li>\n<li><a href=\"https:\/\/elagueurs.com\/en\/farnham\/\" title=\"tree removal Farnham\">Farnham<\/a><\/li>\n<li><a href=\"https:\/\/elagueurs.com\/en\/granby\/\" title=\"tree removal Granby\">Granby<\/a><\/li>\n<li><a href=\"https:\/\/elagueurs.com\/en\/knowlton\/\" title=\"tree removal Knowlton\">Knowlton<\/a><\/li>\n<li><a href=\"https:\/\/elagueurs.com\/en\/north-hatley\/\" title=\"tree removal North Hatley\">North Hatley<\/a><\/li>\n<li><a href=\"https:\/\/elagueurs.com\/en\/lac-brome-brome\/\" title=\"tree removal Lac-Brome\/Brome\">Lac-Brome\/Brome<\/a><\/li>\n<li><a href=\"https:\/\/elagueurs.com\/en\/magog\/\" title=\"tree removal Magog\">Magog<\/a><\/li>\n<li><a href=\"https:\/\/elagueurs.com\/en\/mont-saint-gregoire\/\" title=\"tree removal Mont-Saint-Gr\u00e9goire\">Mont-Saint-Gr\u00e9goire<\/a><\/li>\n<li><a href=\"https:\/\/elagueurs.com\/en\/potton\/\" title=\"tree removal Potton\">Potton<\/a><\/li>\n<li><a href=\"https:\/\/elagueurs.com\/en\/philipsburg\/\" title=\"tree removal Philipsburg\">Philipsburg<\/a><\/li>\n<\/ul>\n<p>[\/et_pb_text][\/et_pb_column_inner][et_pb_column_inner type=&#8221;1_2&#8243; saved_specialty_column_type=&#8221;2_3&#8243; _builder_version=&#8221;4.27.4&#8243; _module_preset=&#8221;default&#8221; global_colors_info=&#8221;{}&#8221;][et_pb_text _builder_version=&#8221;4.27.4&#8243; _module_preset=&#8221;default&#8221; hover_enabled=&#8221;0&#8243; global_colors_info=&#8221;{}&#8221; sticky_enabled=&#8221;0&#8243;]<\/p>\n<ul>\n<li><a href=\"https:\/\/elagueurs.com\/en\/richelieu\/\" title=\"tree removal Richelieu\">Richelieu<\/a><\/li>\n<li><a href=\"https:\/\/elagueurs.com\/en\/rougemont\/\" title=\"tree removal Rougemont\">Rougemont<\/a><\/li>\n<li><a href=\"https:\/\/elagueurs.com\/en\/roxton-pond\/\" title=\"tree removal Roxton Pond\">Roxton Pond<\/a><\/li>\n<li><a href=\"https:\/\/elagueurs.com\/en\/saint-alphonse-de-granby\/\" title=\"tree removal Saint-Alphonse-de-Granby\">Saint-Alphonse-de-Granby<\/a><\/li>\n<li><a href=\"https:\/\/elagueurs.com\/en\/saint-angele-de-monnoir\/\" title=\"tree removal Saint-Ang\u00e8le-de-Monnoir\">Saint-Ang\u00e8le-de-Monnoir<\/a><\/li>\n<li><a href=\"https:\/\/elagueurs.com\/en\/saint-cesaire\/\" title=\"tree removal Saint-C\u00e9saire\">Saint-C\u00e9saire<\/a><\/li>\n<li><a href=\"https:\/\/elagueurs.com\/en\/saint-denis-de-brompton\/\" title=\"tree removal Saint-Denis-de-Brompton\">Saint-Denis-de-Brompton<\/a><\/li>\n<li><a href=\"https:\/\/elagueurs.com\/en\/saint-francois-xavier-de-brompton\/\" title=\"tree removal Saint-Fran\u00e7ois-Xavier-de-Brompton\">Saint-Fran\u00e7ois-Xavier-de-Brompton<\/a><\/li>\n<li><a href=\"https:\/\/elagueurs.com\/en\/saint-joachim-de-shefford\/\" title=\"tree removal Saint-Joachim-de-Shefford\">Saint-Joachim-de-Shefford<\/a><\/li>\n<li><a href=\"https:\/\/elagueurs.com\/en\/saint-paul-dabbotsford\/\" title=\"tree removal Saint-Paul-d'Abbotsford\">Saint-Paul-d&#8217;Abbotsford<\/a><\/li>\n<li><a href=\"https:\/\/elagueurs.com\/en\/saint-pie\/\" title=\"tree removal Saint-Pie\">Saint-Pie<\/a><\/li>\n<li><a href=\"https:\/\/elagueurs.com\/en\/saint-valerien-de-milton\/\" title=\"tree removal Saint-Val\u00e9rien-de-Milton\">Saint-Val\u00e9rien-de-Milton<\/a><\/li>\n<li><a href=\"https:\/\/elagueurs.com\/en\/saint-catherine-de-hatley\/\" title=\"tree removal Saint-Catherine-de-Hatley\">Saint-Catherine-de-Hatley<\/a><\/li>\n<li><a href=\"https:\/\/elagueurs.com\/en\/saint-cecile-de-milton\/\" title=\"tree removal d'arbre Saint-C\u00e9cile-de-Milton\">Saint-C\u00e9cile-de-Milton<\/a><\/li>\n<li><a href=\"https:\/\/elagueurs.com\/en\/shefford\/\" title=\"tree removal Shefford\">Shefford<\/a><\/li>\n<li><a href=\"https:\/\/elagueurs.com\/en\/sutton\/\" title=\"tree removal Sutton\">Sutton<\/a><\/li>\n<li><a href=\"https:\/\/elagueurs.com\/en\/valcourt\/\" title=\"tree removal valcourt\">Valcourt<\/a><\/li>\n<li><a href=\"https:\/\/elagueurs.com\/en\/venise-en-quebec\/\" title=\"tree removal Venise-en-Qu\u00e9bec\">Venise-en-Qu\u00e9bec<\/a><\/li>\n<li><a href=\"https:\/\/elagueurs.com\/en\/waterloo\/\" title=\"tree removal Waterloo\">Waterloo<\/a><\/li>\n<\/ul>\n<p>[\/et_pb_text][\/et_pb_column_inner][\/et_pb_row_inner][\/et_pb_column][\/et_pb_section]<\/p>\n","protected":false},"excerpt":{"rendered":"<p>Tree trimming Tree removal Tree pruning Stumps grinding Cabling and bolting Hedge trimming Emerald Ash Borer Consultation Regulations for Tree Removal Permits Ange-Gardien Bedford Bolton Est Brigham Bromont Chambly Cowansville Dunham Eastman Farnham Granby Knowlton North Hatley Lac-Brome\/Brome Magog Mont-Saint-Gr\u00e9goire Potton Philipsburg Richelieu Rougemont Roxton Pond Saint-Alphonse-de-Granby Saint-Ang\u00e8le-de-Monnoir Saint-C\u00e9saire Saint-Denis-de-Brompton Saint-Fran\u00e7ois-Xavier-de-Brompton Saint-Joachim-de-Shefford Saint-Paul-d&#8217;Abbotsford Saint-Pie Saint-Val\u00e9rien-de-Milton [&hellip;]<\/p>\n","protected":false},"author":9,"featured_media":0,"parent":0,"menu_order":0,"comment_status":"closed","ping_status":"closed","template":"","meta":{"_et_pb_use_builder":"on","_et_pb_old_content":"","_et_gb_content_width":"","footnotes":""},"class_list":["post-13973","page","type-page","status-publish","hentry"],"_links":{"self":[{"href":"https:\/\/elagueurs.com\/en\/wp-json\/wp\/v2\/pages\/13973","targetHints":{"allow":["GET"]}}],"collection":[{"href":"https:\/\/elagueurs.com\/en\/wp-json\/wp\/v2\/pages"}],"about":[{"href":"https:\/\/elagueurs.com\/en\/wp-json\/wp\/v2\/types\/page"}],"author":[{"embeddable":true,"href":"https:\/\/elagueurs.com\/en\/wp-json\/wp\/v2\/users\/9"}],"replies":[{"embeddable":true,"href":"https:\/\/elagueurs.com\/en\/wp-json\/wp\/v2\/comments?post=13973"}],"version-history":[{"count":5,"href":"https:\/\/elagueurs.com\/en\/wp-json\/wp\/v2\/pages\/13973\/revisions"}],"predecessor-version":[{"id":25640,"href":"https:\/\/elagueurs.com\/en\/wp-json\/wp\/v2\/pages\/13973\/revisions\/25640"}],"wp:attachment":[{"href":"https:\/\/elagueurs.com\/en\/wp-json\/wp\/v2\/media?parent=13973"}],"curies":[{"name":"wp","href":"https:\/\/api.w.org\/{rel}","templated":true}]}}