{"id":1176,"date":"2020-06-22T14:08:38","date_gmt":"2020-06-22T14:08:38","guid":{"rendered":"https:\/\/elagueurs.com\/equipe\/"},"modified":"2026-04-17T23:00:59","modified_gmt":"2026-04-18T03:00:59","slug":"arborist-team","status":"publish","type":"page","link":"https:\/\/elagueurs.com\/en\/arborist-team\/","title":{"rendered":"Arborist Team"},"content":{"rendered":"<p>[et_pb_section fb_built=&#8221;1&#8243; specialty=&#8221;on&#8221; _builder_version=&#8221;4.16&#8243; custom_padding=&#8221;32px|||||&#8221; global_colors_info=&#8221;{}&#8221;][et_pb_column type=&#8221;1_3&#8243; _builder_version=&#8221;4.16&#8243; custom_padding=&#8221;|||&#8221; global_colors_info=&#8221;{}&#8221; custom_padding__hover=&#8221;|||&#8221;][et_pb_text module_class=&#8221;left-sidebar-tab&#8221; _builder_version=&#8221;4.27.4&#8243; hover_enabled=&#8221;0&#8243; global_module=&#8221;1342&#8243; saved_tabs=&#8221;all&#8221; global_colors_info=&#8221;{}&#8221; sticky_enabled=&#8221;0&#8243;]<\/p>\n<ul>\n<li><a href=\"https:\/\/elagueurs.com\/en\/services\/tree-trimming\/\" title=\"tree trimming page\"><img decoding=\"async\" class=\"wp-image-656 alignnone size-full lazyload\" data-src=\"https:\/\/elagueurs.com\/wp-content\/uploads\/2020\/07\/sidebar-icon.png\" alt=\"\" width=\"65\" height=\"65\" no-resize-detection=\"\" src=\"data:image\/svg+xml;base64,PHN2ZyB3aWR0aD0iMSIgaGVpZ2h0PSIxIiB4bWxucz0iaHR0cDovL3d3dy53My5vcmcvMjAwMC9zdmciPjwvc3ZnPg==\" style=\"--smush-placeholder-width: 65px; --smush-placeholder-aspect-ratio: 65\/65;\" \/><\/a><\/li>\n<li><a href=\"https:\/\/elagueurs.com\/en\/services\/tree-trimming\/\" title=\"tree trimming page\">Tree trimming<\/a><\/li>\n<\/ul>\n<ul class=\"bg-white\">\n<li><a href=\"https:\/\/elagueurs.com\/en\/treeservices\/tree-removal\/\" title=\"tree removal page\"><img decoding=\"async\" class=\"wp-image-656 alignnone size-full lazyload\" data-src=\"https:\/\/elagueurs.com\/wp-content\/uploads\/2020\/07\/sidebar-icon.png\" alt=\"\" width=\"65\" height=\"65\" no-resize-detection=\"\" src=\"data:image\/svg+xml;base64,PHN2ZyB3aWR0aD0iMSIgaGVpZ2h0PSIxIiB4bWxucz0iaHR0cDovL3d3dy53My5vcmcvMjAwMC9zdmciPjwvc3ZnPg==\" style=\"--smush-placeholder-width: 65px; --smush-placeholder-aspect-ratio: 65\/65;\" \/><\/a><\/li>\n<li><a href=\"https:\/\/elagueurs.com\/en\/services\/tree-removal\/\" title=\"Tree removal page\">Tree removal<\/a><\/li>\n<\/ul>\n<ul class=\"bg-white\">\n<li><a href=\"https:\/\/elagueurs.com\/en\/services\/tree-pruning\/\" title=\"tree pruning page\"><img decoding=\"async\" class=\"wp-image-656 alignnone size-full lazyload\" data-src=\"https:\/\/elagueurs.com\/wp-content\/uploads\/2020\/07\/sidebar-icon.png\" alt=\"\" width=\"65\" height=\"65\" no-resize-detection=\"\" src=\"data:image\/svg+xml;base64,PHN2ZyB3aWR0aD0iMSIgaGVpZ2h0PSIxIiB4bWxucz0iaHR0cDovL3d3dy53My5vcmcvMjAwMC9zdmciPjwvc3ZnPg==\" style=\"--smush-placeholder-width: 65px; --smush-placeholder-aspect-ratio: 65\/65;\" \/><\/a><\/li>\n<li><a href=\"https:\/\/elagueurs.com\/en\/services\/tree-pruning\/\" title=\"Tree pruning page\">Tree pruning<\/a><\/li>\n<\/ul>\n<ul>\n<li><a href=\"https:\/\/elagueurs.com\/en\/services\/stump-grinding\/\" title=\"stump grinding page\"><img decoding=\"async\" class=\"wp-image-656 alignnone size-full lazyload\" data-src=\"https:\/\/elagueurs.com\/wp-content\/uploads\/2020\/07\/sidebar-icon.png\" alt=\"\" width=\"65\" height=\"65\" no-resize-detection=\"\" src=\"data:image\/svg+xml;base64,PHN2ZyB3aWR0aD0iMSIgaGVpZ2h0PSIxIiB4bWxucz0iaHR0cDovL3d3dy53My5vcmcvMjAwMC9zdmciPjwvc3ZnPg==\" style=\"--smush-placeholder-width: 65px; --smush-placeholder-aspect-ratio: 65\/65;\" \/><\/a><\/li>\n<li><a href=\"https:\/\/elagueurs.com\/en\/services\/stump-grinding\/\" title=\"Stumps grinding page\">Stumps grinding<\/a><\/li>\n<\/ul>\n<ul>\n<li><a href=\"https:\/\/elagueurs.com\/en\/services\/cabling-and-bolting\/\" title=\"abling and bolting page\"><img decoding=\"async\" class=\"wp-image-656 alignnone size-full lazyload\" data-src=\"https:\/\/elagueurs.com\/wp-content\/uploads\/2020\/07\/sidebar-icon.png\" alt=\"\" width=\"65\" height=\"65\" no-resize-detection=\"\" src=\"data:image\/svg+xml;base64,PHN2ZyB3aWR0aD0iMSIgaGVpZ2h0PSIxIiB4bWxucz0iaHR0cDovL3d3dy53My5vcmcvMjAwMC9zdmciPjwvc3ZnPg==\" style=\"--smush-placeholder-width: 65px; --smush-placeholder-aspect-ratio: 65\/65;\" \/><\/a><\/li>\n<li><a href=\"https:\/\/elagueurs.com\/en\/services\/cabling-and-bolting\/\" title=\"Cabling and bolting page\">Cabling and bolting<\/a><\/li>\n<\/ul>\n<ul class=\"bg-white\">\n<li><a href=\"https:\/\/elagueurs.com\/en\/services\/hedge-trimming\/\" title=\"hedge trimming page\"><img decoding=\"async\" class=\"wp-image-656 alignnone size-full lazyload\" data-src=\"https:\/\/elagueurs.com\/wp-content\/uploads\/2020\/07\/sidebar-icon.png\" alt=\"\" width=\"65\" height=\"65\" no-resize-detection=\"\" src=\"data:image\/svg+xml;base64,PHN2ZyB3aWR0aD0iMSIgaGVpZ2h0PSIxIiB4bWxucz0iaHR0cDovL3d3dy53My5vcmcvMjAwMC9zdmciPjwvc3ZnPg==\" style=\"--smush-placeholder-width: 65px; --smush-placeholder-aspect-ratio: 65\/65;\" \/><\/a><\/li>\n<li><a href=\"https:\/\/elagueurs.com\/en\/services\/hedge-trimming\/\" title=\"Hedge trimming page\">Hedge trimming<\/a><\/li>\n<\/ul>\n<ul class=\"bg-white\">\n<li><a href=\"https:\/\/elagueurs.com\/en\/services\/emerald-ash-borer\/\" title=\"emerald ash borer page\"><img decoding=\"async\" class=\"wp-image-656 alignnone size-full lazyload\" data-src=\"https:\/\/elagueurs.com\/wp-content\/uploads\/2020\/07\/sidebar-icon.png\" alt=\"\" width=\"65\" height=\"65\" no-resize-detection=\"\" src=\"data:image\/svg+xml;base64,PHN2ZyB3aWR0aD0iMSIgaGVpZ2h0PSIxIiB4bWxucz0iaHR0cDovL3d3dy53My5vcmcvMjAwMC9zdmciPjwvc3ZnPg==\" style=\"--smush-placeholder-width: 65px; --smush-placeholder-aspect-ratio: 65\/65;\" \/><\/a><\/li>\n<li><a href=\"https:\/\/elagueurs.com\/en\/services\/emerald-ash-borer\/\" title=\"Emerald Ash Borer page\">Emerald Ash Borer<\/a><\/li>\n<\/ul>\n<ul>\n<li><a href=\"https:\/\/elagueurs.com\/en\/services\/tree-consultation\/\" title=\"consultation page\"><img decoding=\"async\" class=\"wp-image-656 alignnone size-full lazyload\" data-src=\"https:\/\/elagueurs.com\/wp-content\/uploads\/2020\/07\/sidebar-icon.png\" alt=\"\" width=\"65\" height=\"65\" no-resize-detection=\"\" src=\"data:image\/svg+xml;base64,PHN2ZyB3aWR0aD0iMSIgaGVpZ2h0PSIxIiB4bWxucz0iaHR0cDovL3d3dy53My5vcmcvMjAwMC9zdmciPjwvc3ZnPg==\" style=\"--smush-placeholder-width: 65px; --smush-placeholder-aspect-ratio: 65\/65;\" \/><\/a><\/li>\n<li><a href=\"https:\/\/elagueurs.com\/en\/services\/tree-consultation\/\" title=\"Consultation page\">Consultation<\/a><\/li>\n<\/ul>\n<p>[\/et_pb_text][\/et_pb_column][et_pb_column type=&#8221;2_3&#8243; specialty_columns=&#8221;2&#8243; _builder_version=&#8221;4.16&#8243; custom_padding=&#8221;|||&#8221; global_colors_info=&#8221;{}&#8221; custom_padding__hover=&#8221;|||&#8221;][et_pb_row_inner _builder_version=&#8221;4.16&#8243; custom_padding=&#8221;||2px|||&#8221; global_colors_info=&#8221;{}&#8221;][et_pb_column_inner saved_specialty_column_type=&#8221;2_3&#8243; _builder_version=&#8221;4.16&#8243; global_colors_info=&#8221;{}&#8221;][et_pb_text _builder_version=&#8221;4.16&#8243; header_font_size=&#8221;40px&#8221; header_2_font_size=&#8221;36px&#8221; header_2_font_size_tablet=&#8221;28px&#8221; header_2_font_size_phone=&#8221;&#8221; header_2_font_size_last_edited=&#8221;on|tablet&#8221; global_colors_info=&#8221;{}&#8221;]<\/p>\n<h1>Arborist Team<\/h1>\n<p>[\/et_pb_text][et_pb_divider divider_weight=&#8221;5px&#8221; _builder_version=&#8221;4.16&#8243; max_width=&#8221;60px&#8221; custom_margin=&#8221;-12px||||false|false&#8221; locked=&#8221;off&#8221; global_colors_info=&#8221;{}&#8221;][\/et_pb_divider][\/et_pb_column_inner][\/et_pb_row_inner][et_pb_row_inner column_structure=&#8221;1_2,1_2&#8243; _builder_version=&#8221;4.16&#8243; max_width=&#8221;800px&#8221; custom_margin=&#8221;||50px||false|false&#8221; custom_padding=&#8221;||6px|||&#8221; global_colors_info=&#8221;{}&#8221;][et_pb_column_inner type=&#8221;1_2&#8243; saved_specialty_column_type=&#8221;2_3&#8243; _builder_version=&#8221;4.16&#8243; global_colors_info=&#8221;{}&#8221;][et_pb_text _builder_version=&#8221;4.27.4&#8243; custom_margin_tablet=&#8221;&#8221; custom_margin_phone=&#8221;&#8221; custom_margin_last_edited=&#8221;on|desktop&#8221; global_colors_info=&#8221;{}&#8221;]<\/p>\n<h3>Jonathan<\/h3>\n<p>He took charge of the company in 2010. Since he was young, he has been following his father and uncle in the family business. He holds a pruner-arborist diploma from the Beauharnois Harvest Center since 2010, and since 2025 he is a <a href=\"https:\/\/www.treesaregood.org\/findanarborist\/findanarborist\/id\/273549\" title=\"certified arborist link\" target=\"_blank\" rel=\"noopener\">certified arborist<\/a> from the ISA.<\/p>\n<p>Combining the experience gained in the family business and the advanced technical training, he found efficient and safe methods to realize projects with great precision!\u00a0In addition, it assesses complex situations well and can make quick decisions when necessary.<\/p>\n<p>[\/et_pb_text][\/et_pb_column_inner][et_pb_column_inner type=&#8221;1_2&#8243; saved_specialty_column_type=&#8221;2_3&#8243; _builder_version=&#8221;4.16&#8243; global_colors_info=&#8221;{}&#8221;][et_pb_image src=&#8221;https:\/\/elagueurs.com\/wp-content\/uploads\/2020\/06\/jonathan.jpg&#8221; title_text=&#8221;jonathan&#8221; _builder_version=&#8221;4.16&#8243; box_shadow_style=&#8221;preset5&#8243; box_shadow_vertical=&#8221;0px&#8221; box_shadow_color=&#8221;#69ad07&#8243; global_colors_info=&#8221;{}&#8221;][\/et_pb_image][\/et_pb_column_inner][\/et_pb_row_inner][et_pb_row_inner column_structure=&#8221;1_2,1_2&#8243; disabled_on=&#8221;on|on|on&#8221; _builder_version=&#8221;4.16&#8243; disabled=&#8221;on&#8221; global_colors_info=&#8221;{}&#8221;][et_pb_column_inner type=&#8221;1_2&#8243; saved_specialty_column_type=&#8221;2_3&#8243; _builder_version=&#8221;4.16&#8243; global_colors_info=&#8221;{}&#8221;][et_pb_text _builder_version=&#8221;4.16&#8243; custom_margin=&#8221;|||30px|false|false&#8221; custom_margin_tablet=&#8221;|||0px|false|false&#8221; custom_margin_phone=&#8221;&#8221; custom_margin_last_edited=&#8221;on|desktop&#8221; global_colors_info=&#8221;{}&#8221;]<\/p>\n<h3 class=\"title left\">James<\/h3>\n<p>Arboriculteur sp\u00e9cialis\u00e9 dans l\u2019\u00e9lagage et l\u2019\u00e9mondage, James pratique le m\u00e9tier depuis pr\u00e8s de 5 ans. Ayant travaill\u00e9 avec son cousin \u00e0 Calgary, il a appris les techniques pour effectuer un travail de qualit\u00e9 sur les grands arbres matures de l\u2019ouest du pays. Son exp\u00e9rience acquise chez\u00a0<em>Total Tree Solutions<\/em>\u00a0de Calgary est un avantage pour \u00c9lagueurs Arbor.<\/p>\n<p>James est un expert en techniques de c\u00e2bles et de grimpe. Il travaille avec des pratiques modernes et s\u00e9curitaires. Il est sp\u00e9cialis\u00e9 dans tous les types d\u2019\u00e9lagages, ainsi que dans la taille de petits arbres, de haies et d\u2019arbustes.<\/p>\n<p>[\/et_pb_text][\/et_pb_column_inner][et_pb_column_inner type=&#8221;1_2&#8243; saved_specialty_column_type=&#8221;2_3&#8243; _builder_version=&#8221;4.16&#8243; global_colors_info=&#8221;{}&#8221;][et_pb_image src=&#8221;https:\/\/elagueurs.com\/wp-content\/uploads\/2020\/06\/james.jpg&#8221; title_text=&#8221;james&#8221; disabled_on=&#8221;on|on|off&#8221; _builder_version=&#8221;4.16&#8243; box_shadow_style=&#8221;preset5&#8243; box_shadow_vertical=&#8221;0px&#8221; box_shadow_color=&#8221;#69ad07&#8243; global_colors_info=&#8221;{}&#8221;][\/et_pb_image][\/et_pb_column_inner][\/et_pb_row_inner][et_pb_row_inner column_structure=&#8221;1_2,1_2&#8243; disabled_on=&#8221;on|on|on&#8221; _builder_version=&#8221;4.27.4&#8243; disabled=&#8221;on&#8221; global_colors_info=&#8221;{}&#8221;][et_pb_column_inner type=&#8221;1_2&#8243; saved_specialty_column_type=&#8221;2_3&#8243; _builder_version=&#8221;4.16&#8243; global_colors_info=&#8221;{}&#8221;][et_pb_text _builder_version=&#8221;4.16&#8243; custom_margin=&#8221;|||30px|false|false&#8221; custom_margin_tablet=&#8221;|||0px|false|false&#8221; custom_margin_phone=&#8221;&#8221; custom_margin_last_edited=&#8221;on|desktop&#8221; global_colors_info=&#8221;{}&#8221;]<\/p>\n<h5 class=\"title left\">Mathieu<\/h5>\n<p>Graduate of the Harvest Center of Beauharnois, he is a pruner and master tailor.\u00a0His specialties are grinding, hedge trimming and the size of fruit and decorative trees.<\/p>\n<p>Having accumulated more than 15 years of experience in the trade, he advises you on the appropriate sizes for each tree species, at the right time of the year.<\/p>\n<p>[\/et_pb_text][\/et_pb_column_inner][et_pb_column_inner type=&#8221;1_2&#8243; saved_specialty_column_type=&#8221;2_3&#8243; _builder_version=&#8221;4.16&#8243; global_colors_info=&#8221;{}&#8221;][et_pb_image src=&#8221;https:\/\/elagueurs.com\/wp-content\/uploads\/2020\/06\/mathieu.jpg&#8221; title_text=&#8221;mathieu&#8221; _builder_version=&#8221;4.16&#8243; box_shadow_style=&#8221;preset5&#8243; box_shadow_vertical=&#8221;0px&#8221; box_shadow_color=&#8221;#69ad07&#8243; global_colors_info=&#8221;{}&#8221;][\/et_pb_image][\/et_pb_column_inner][\/et_pb_row_inner][et_pb_row_inner _builder_version=&#8221;4.16&#8243; global_colors_info=&#8221;{}&#8221;][et_pb_column_inner saved_specialty_column_type=&#8221;2_3&#8243; _builder_version=&#8221;4.16&#8243; global_colors_info=&#8221;{}&#8221;][et_pb_text _builder_version=&#8221;4.16&#8243; global_colors_info=&#8221;{}&#8221;]<\/p>\n<p>Thanks to our advanced equipment, all our work is done in respect of your land!\u00a0For all estimates in Granby, Bromont and Shefford,\u00a0<a href=\"https:\/\/elagueurs.com\/nous-joindre.html\">contact-us!<\/a><\/p>\n<p>[\/et_pb_text][\/et_pb_column_inner][\/et_pb_row_inner][\/et_pb_column][\/et_pb_section]<\/p>\n","protected":false},"excerpt":{"rendered":"<p>Tree trimming Tree removal Tree pruning Stumps grinding Cabling and bolting Hedge trimming Emerald Ash Borer Consultation Arborist TeamJonathan He took charge of the company in 2010. Since he was young, he has been following his father and uncle in the family business. He holds a pruner-arborist diploma from the Beauharnois Harvest Center since 2010, [&hellip;]<\/p>\n","protected":false},"author":9,"featured_media":0,"parent":0,"menu_order":0,"comment_status":"closed","ping_status":"closed","template":"","meta":{"_et_pb_use_builder":"on","_et_pb_old_content":"<!-- wp:divi\/placeholder \/-->","_et_gb_content_width":"","footnotes":""},"class_list":["post-1176","page","type-page","status-publish","hentry"],"_links":{"self":[{"href":"https:\/\/elagueurs.com\/en\/wp-json\/wp\/v2\/pages\/1176","targetHints":{"allow":["GET"]}}],"collection":[{"href":"https:\/\/elagueurs.com\/en\/wp-json\/wp\/v2\/pages"}],"about":[{"href":"https:\/\/elagueurs.com\/en\/wp-json\/wp\/v2\/types\/page"}],"author":[{"embeddable":true,"href":"https:\/\/elagueurs.com\/en\/wp-json\/wp\/v2\/users\/9"}],"replies":[{"embeddable":true,"href":"https:\/\/elagueurs.com\/en\/wp-json\/wp\/v2\/comments?post=1176"}],"version-history":[{"count":4,"href":"https:\/\/elagueurs.com\/en\/wp-json\/wp\/v2\/pages\/1176\/revisions"}],"predecessor-version":[{"id":25741,"href":"https:\/\/elagueurs.com\/en\/wp-json\/wp\/v2\/pages\/1176\/revisions\/25741"}],"wp:attachment":[{"href":"https:\/\/elagueurs.com\/en\/wp-json\/wp\/v2\/media?parent=1176"}],"curies":[{"name":"wp","href":"https:\/\/api.w.org\/{rel}","templated":true}]}}